{"id":1418,"date":"2021-11-21T15:12:46","date_gmt":"2021-11-21T15:12:46","guid":{"rendered":"https:\/\/www.raizmirim.org\/?page_id=1418"},"modified":"2025-09-13T13:59:05","modified_gmt":"2025-09-13T11:59:05","slug":"home","status":"publish","type":"page","link":"https:\/\/raizmirim.org\/","title":{"rendered":"Home"},"content":{"rendered":"\t\t<div data-elementor-type=\"wp-page\" data-elementor-id=\"1418\" class=\"elementor elementor-1418\">\n\t\t\t\t\t\t<section class=\"elementor-section elementor-top-section elementor-element elementor-element-c264e02 elementor-section-boxed elementor-section-height-default elementor-section-height-default\" data-id=\"c264e02\" data-element_type=\"section\">\n\t\t\t\t\t\t<div class=\"elementor-container elementor-column-gap-default\">\n\t\t\t\t\t<div class=\"elementor-column elementor-col-100 elementor-top-column elementor-element elementor-element-5ff9544\" data-id=\"5ff9544\" data-element_type=\"column\">\n\t\t\t<div class=\"elementor-widget-wrap elementor-element-populated\">\n\t\t\t\t\t\t<div class=\"elementor-element elementor-element-bcfe892 elementor-widget elementor-widget-spacer\" data-id=\"bcfe892\" data-element_type=\"widget\" data-widget_type=\"spacer.default\">\n\t\t\t\t<div class=\"elementor-widget-container\">\n\t\t\t\t\t\t\t<div class=\"elementor-spacer\">\n\t\t\t<div class=\"elementor-spacer-inner\"><\/div>\n\t\t<\/div>\n\t\t\t\t\t\t<\/div>\n\t\t\t\t<\/div>\n\t\t\t\t\t<\/div>\n\t\t<\/div>\n\t\t\t\t\t<\/div>\n\t\t<\/section>\n\t\t\t\t<section class=\"elementor-section elementor-top-section elementor-element elementor-element-2ca2670 elementor-section-boxed elementor-section-height-default elementor-section-height-default\" data-id=\"2ca2670\" data-element_type=\"section\">\n\t\t\t\t\t\t<div class=\"elementor-container elementor-column-gap-default\">\n\t\t\t\t\t<div class=\"elementor-column elementor-col-50 elementor-top-column elementor-element elementor-element-e3e6ed9\" data-id=\"e3e6ed9\" data-element_type=\"column\">\n\t\t\t<div class=\"elementor-widget-wrap elementor-element-populated\">\n\t\t\t\t\t\t<div class=\"elementor-element elementor-element-8fef70d elementor-widget elementor-widget-text-editor\" data-id=\"8fef70d\" data-element_type=\"widget\" data-widget_type=\"text-editor.default\">\n\t\t\t\t<div class=\"elementor-widget-container\">\n\t\t\t\t\t\t\t\t\t<p><span class=\"HwtZe\" lang=\"fr\"><span class=\"jCAhz ChMk0b\"><span class=\"ryNqvb\">Raiz est une association sans but lucratif (ASBL) et ind\u00e9pendante de tout parti politique ou confession.<\/span><\/span><\/span><\/p><p>\u00a0<\/p><p><span class=\"jCAhz ChMk0b\"><span class=\"ryNqvb\">L\u2019association Raiz a \u00e9t\u00e9 formellement cr\u00e9\u00e9e en novembre 2010 afin de consolider un projet n\u00e9 en 2006, lorsqu\u2019un groupe de citoyens belgo-br\u00e9siliens, r\u00e9unis autour d\u2019activit\u00e9s socio-culturelles, ont mis en place un programme d\u2019accueil des familles.<\/span><\/span> <br \/><span class=\"jCAhz ChMk0b\"><span class=\"ryNqvb\">Il comprenait l\u2019accompagnement d\u2019adultes dans leurs d\u00e9marches administratives, l\u2019animation d\u2019ateliers socio-\u00e9ducatifs pour leurs enfants et l\u2019offre de cours de langues pour enfants et adultes.<\/span><\/span><\/p><p>Ainsi, les missions de Raiz\u00a0 sont d\u2019accueillir et de d\u00e9fendre les enfants, les adolescents et les familles, dans le respect de leurs droits, notamment aupr\u00e8s des migrants lusophones, avec une attention particuli\u00e8re \u00e0 la culture, \u00e0 l\u2019\u00e9ducation et \u00e0 l\u2019int\u00e9gration.<\/p>\t\t\t\t\t\t\t\t<\/div>\n\t\t\t\t<\/div>\n\t\t\t\t\t<\/div>\n\t\t<\/div>\n\t\t\t\t<div class=\"elementor-column elementor-col-50 elementor-top-column elementor-element elementor-element-fcce8c9\" data-id=\"fcce8c9\" data-element_type=\"column\">\n\t\t\t<div class=\"elementor-widget-wrap elementor-element-populated\">\n\t\t\t\t\t\t<div class=\"elementor-element elementor-element-dbbbad6 elementor-widget elementor-widget-image\" data-id=\"dbbbad6\" data-element_type=\"widget\" data-widget_type=\"image.default\">\n\t\t\t\t<div class=\"elementor-widget-container\">\n\t\t\t\t\t\t\t\t\t\t\t\t<figure class=\"wp-caption\">\n\t\t\t\t\t\t\t\t\t\t\t<a href=\"https:\/\/www.canva.com\/design\/DAGyzToBfcA\/d-t1mxnvptrzfpx1cNnAeg\/edit?utm_content=DAGyzToBfcA&#038;utm_campaign=designshare&#038;utm_medium=link2&#038;utm_source=sharebutton\">\n\t\t\t\t\t\t\t<img fetchpriority=\"high\" decoding=\"async\" width=\"1475\" height=\"1205\" src=\"https:\/\/raizmirim.org\/wp-content\/uploads\/2023\/02\/new2.jpeg\" class=\"attachment-full size-full wp-image-1803\" alt=\"\" srcset=\"https:\/\/raizmirim.org\/wp-content\/uploads\/2023\/02\/new2.jpeg 1475w, https:\/\/raizmirim.org\/wp-content\/uploads\/2023\/02\/new2-300x245.jpeg 300w, https:\/\/raizmirim.org\/wp-content\/uploads\/2023\/02\/new2-1024x837.jpeg 1024w, https:\/\/raizmirim.org\/wp-content\/uploads\/2023\/02\/new2-768x627.jpeg 768w\" sizes=\"(max-width: 1475px) 100vw, 1475px\" \/>\t\t\t\t\t\t\t\t<\/a>\n\t\t\t\t\t\t\t\t\t\t\t<figcaption class=\"widget-image-caption wp-caption-text\"><\/figcaption>\n\t\t\t\t\t\t\t\t\t\t<\/figure>\n\t\t\t\t\t\t\t\t\t<\/div>\n\t\t\t\t<\/div>\n\t\t\t\t\t<\/div>\n\t\t<\/div>\n\t\t\t\t\t<\/div>\n\t\t<\/section>\n\t\t\t\t<section class=\"elementor-section elementor-top-section elementor-element elementor-element-2fb282d elementor-section-boxed elementor-section-height-default elementor-section-height-default\" data-id=\"2fb282d\" data-element_type=\"section\">\n\t\t\t\t\t\t<div class=\"elementor-container elementor-column-gap-default\">\n\t\t\t\t\t<div class=\"elementor-column elementor-col-100 elementor-top-column elementor-element elementor-element-325c43f\" data-id=\"325c43f\" data-element_type=\"column\">\n\t\t\t<div class=\"elementor-widget-wrap elementor-element-populated\">\n\t\t\t\t\t\t<div class=\"elementor-element elementor-element-3c4dc6f elementor-widget elementor-widget-spacer\" data-id=\"3c4dc6f\" data-element_type=\"widget\" data-widget_type=\"spacer.default\">\n\t\t\t\t<div class=\"elementor-widget-container\">\n\t\t\t\t\t\t\t<div class=\"elementor-spacer\">\n\t\t\t<div class=\"elementor-spacer-inner\"><\/div>\n\t\t<\/div>\n\t\t\t\t\t\t<\/div>\n\t\t\t\t<\/div>\n\t\t\t\t\t<\/div>\n\t\t<\/div>\n\t\t\t\t\t<\/div>\n\t\t<\/section>\n\t\t\t\t<\/div>\n\t\t","protected":false},"excerpt":{"rendered":"<p>Raiz est une association sans but lucratif (ASBL) et ind\u00e9pendante de tout parti politique ou confession. \u00a0 L\u2019association Raiz a \u00e9t\u00e9 formellement cr\u00e9\u00e9e en novembre 2010 afin de consolider un projet n\u00e9 en 2006, lorsqu\u2019un groupe de citoyens belgo-br\u00e9siliens, r\u00e9unis autour d\u2019activit\u00e9s socio-culturelles, ont mis en place un programme d\u2019accueil des familles. Il comprenait l\u2019accompagnement [&hellip;]<\/p>\n","protected":false},"author":1,"featured_media":0,"parent":0,"menu_order":0,"comment_status":"closed","ping_status":"closed","template":"","meta":{"site-sidebar-layout":"no-sidebar","site-content-layout":"page-builder","ast-site-content-layout":"default","site-content-style":"default","site-sidebar-style":"default","ast-global-header-display":"","ast-banner-title-visibility":"","ast-main-header-display":"","ast-hfb-above-header-display":"","ast-hfb-below-header-display":"","ast-hfb-mobile-header-display":"","site-post-title":"disabled","ast-breadcrumbs-content":"","ast-featured-img":"disabled","footer-sml-layout":"","theme-transparent-header-meta":"enabled","adv-header-id-meta":"","stick-header-meta":"","header-above-stick-meta":"","header-main-stick-meta":"","header-below-stick-meta":"","astra-migrate-meta-layouts":"default","ast-page-background-enabled":"default","ast-page-background-meta":{"desktop":{"background-color":"var(--ast-global-color-4)","background-image":"","background-repeat":"repeat","background-position":"center center","background-size":"auto","background-attachment":"scroll","background-type":"","background-media":"","overlay-type":"","overlay-color":"","overlay-opacity":"","overlay-gradient":""},"tablet":{"background-color":"","background-image":"","background-repeat":"repeat","background-position":"center center","background-size":"auto","background-attachment":"scroll","background-type":"","background-media":"","overlay-type":"","overlay-color":"","overlay-opacity":"","overlay-gradient":""},"mobile":{"background-color":"","background-image":"","background-repeat":"repeat","background-position":"center center","background-size":"auto","background-attachment":"scroll","background-type":"","background-media":"","overlay-type":"","overlay-color":"","overlay-opacity":"","overlay-gradient":""}},"ast-content-background-meta":{"desktop":{"background-color":"var(--ast-global-color-5)","background-image":"","background-repeat":"repeat","background-position":"center center","background-size":"auto","background-attachment":"scroll","background-type":"","background-media":"","overlay-type":"","overlay-color":"","overlay-opacity":"","overlay-gradient":""},"tablet":{"background-color":"var(--ast-global-color-5)","background-image":"","background-repeat":"repeat","background-position":"center center","background-size":"auto","background-attachment":"scroll","background-type":"","background-media":"","overlay-type":"","overlay-color":"","overlay-opacity":"","overlay-gradient":""},"mobile":{"background-color":"var(--ast-global-color-5)","background-image":"","background-repeat":"repeat","background-position":"center center","background-size":"auto","background-attachment":"scroll","background-type":"","background-media":"","overlay-type":"","overlay-color":"","overlay-opacity":"","overlay-gradient":""}},"footnotes":""},"class_list":["post-1418","page","type-page","status-publish","hentry"],"_links":{"self":[{"href":"https:\/\/raizmirim.org\/index.php?rest_route=\/wp\/v2\/pages\/1418","targetHints":{"allow":["GET"]}}],"collection":[{"href":"https:\/\/raizmirim.org\/index.php?rest_route=\/wp\/v2\/pages"}],"about":[{"href":"https:\/\/raizmirim.org\/index.php?rest_route=\/wp\/v2\/types\/page"}],"author":[{"embeddable":true,"href":"https:\/\/raizmirim.org\/index.php?rest_route=\/wp\/v2\/users\/1"}],"replies":[{"embeddable":true,"href":"https:\/\/raizmirim.org\/index.php?rest_route=%2Fwp%2Fv2%2Fcomments&post=1418"}],"version-history":[{"count":55,"href":"https:\/\/raizmirim.org\/index.php?rest_route=\/wp\/v2\/pages\/1418\/revisions"}],"predecessor-version":[{"id":1837,"href":"https:\/\/raizmirim.org\/index.php?rest_route=\/wp\/v2\/pages\/1418\/revisions\/1837"}],"wp:attachment":[{"href":"https:\/\/raizmirim.org\/index.php?rest_route=%2Fwp%2Fv2%2Fmedia&parent=1418"}],"curies":[{"name":"wp","href":"https:\/\/api.w.org\/{rel}","templated":true}]}}