{"id":1521,"date":"2022-11-27T13:10:43","date_gmt":"2022-11-27T12:10:43","guid":{"rendered":"https:\/\/www.raizmirim.org\/?page_id=1521"},"modified":"2022-12-07T14:12:23","modified_gmt":"2022-12-07T13:12:23","slug":"encceja","status":"publish","type":"page","link":"https:\/\/raizmirim.org\/?page_id=1521","title":{"rendered":"encceja"},"content":{"rendered":"\t\t<div data-elementor-type=\"wp-page\" data-elementor-id=\"1521\" class=\"elementor elementor-1521\">\n\t\t\t\t\t\t<section class=\"elementor-section elementor-top-section elementor-element elementor-element-9c57a00 elementor-section-boxed elementor-section-height-default elementor-section-height-default\" data-id=\"9c57a00\" data-element_type=\"section\">\n\t\t\t\t\t\t<div class=\"elementor-container elementor-column-gap-default\">\n\t\t\t\t\t<div class=\"elementor-column elementor-col-100 elementor-top-column elementor-element elementor-element-fe6d271\" data-id=\"fe6d271\" data-element_type=\"column\">\n\t\t\t<div class=\"elementor-widget-wrap elementor-element-populated\">\n\t\t\t\t\t\t<div class=\"elementor-element elementor-element-30b3156 elementor-widget elementor-widget-heading\" data-id=\"30b3156\" data-element_type=\"widget\" data-widget_type=\"heading.default\">\n\t\t\t\t<div class=\"elementor-widget-container\">\n\t\t\t\t\t<h1 class=\"elementor-heading-title elementor-size-default\">Preparation au ENCCEJA<\/h1>\t\t\t\t<\/div>\n\t\t\t\t<\/div>\n\t\t\t\t\t<\/div>\n\t\t<\/div>\n\t\t\t\t\t<\/div>\n\t\t<\/section>\n\t\t\t\t<section class=\"elementor-section elementor-top-section elementor-element elementor-element-0ced85d elementor-section-boxed elementor-section-height-default elementor-section-height-default\" data-id=\"0ced85d\" data-element_type=\"section\">\n\t\t\t\t\t\t<div class=\"elementor-container elementor-column-gap-default\">\n\t\t\t\t\t<div class=\"elementor-column elementor-col-100 elementor-top-column elementor-element elementor-element-0463426\" data-id=\"0463426\" data-element_type=\"column\">\n\t\t\t<div class=\"elementor-widget-wrap elementor-element-populated\">\n\t\t\t\t\t\t<div class=\"elementor-element elementor-element-098ff89 elementor-widget elementor-widget-text-editor\" data-id=\"098ff89\" data-element_type=\"widget\" data-widget_type=\"text-editor.default\">\n\t\t\t\t<div class=\"elementor-widget-container\">\n\t\t\t\t\t\t\t\t\t<div class=\"et_pb_row et_pb_row_1\"><div class=\"et_pb_column et_pb_column_1_2 et_pb_column_1 et_pb_css_mix_blend_mode_passthrough\"><div class=\"et_pb_module et_pb_text et_pb_text_1 et_pb_text_align_left et_pb_bg_layout_light\"><div class=\"et_pb_text_inner\"><h6>\u2019<strong>ENCCEJA<\/strong> (Examen Nacional pour la Certification des Comp\u00e9tences des Jeunes et Adultes) est un <strong>examen national br\u00e9silien<\/strong> qui permet aux personnes <strong>n\u2019ayant pas eu l\u2019occasion de terminer leur cursus scolaire<\/strong> de valider leur cursus par l\u2019obtention d\u2019un <strong>certificat de fin d\u2019\u00e9tudes<\/strong> \u00ab\u00a0fundamental\u00a0\u00bb ou \u00ab\u00a0m\u00e9dio\u00a0\u00bb.<\/h6><h6>Cet examen est destin\u00e9 aux personnes de plus de 15 ans pour l\u2019enseignment \u00ab\u00a0fundamental\u00a0\u00bb et de plus de 18 ans pour l\u2019enseignement \u00ab\u00a0m\u00e9dio\u00a0\u00bbExame Nacional para Certifica\u00e7\u00e3o de Compet\u00eancias de Jovens e Adultos (<strong>ENCCEJA<\/strong>).<\/h6><h6>Il permet par ailleurs d\u2019obetnir le certificat de fin d\u2019enseignment m\u00e9dio m\u00eame en n\u2019ayant pas valid\u00e9 son enseignement fondamental. .<\/h6><\/div><\/div><\/div><\/div><div class=\"et_pb_row et_pb_row_2\"><div class=\"et_pb_column et_pb_column_4_4 et_pb_column_3 et_pb_css_mix_blend_mode_passthrough et-last-child\"><div class=\"et_pb_module et_pb_text et_pb_text_2 et_pb_text_align_left et_pb_bg_layout_light\"><div class=\"et_pb_text_inner\"><h6>Raiz\u00a0 dispence des cours preparatoires au ENCCEJA<\/h6><p>Pour plus d&rsquo;information, <a href=\"https:\/\/www.raizmirim.org\/?page_id=1420\" rel=\"noopener\">contactez-nous <\/a><\/p><h6>\u00a0<\/h6><\/div><\/div><\/div><\/div>\t\t\t\t\t\t\t\t<\/div>\n\t\t\t\t<\/div>\n\t\t\t\t\t<\/div>\n\t\t<\/div>\n\t\t\t\t\t<\/div>\n\t\t<\/section>\n\t\t\t\t<section class=\"elementor-section elementor-top-section elementor-element elementor-element-a994c7d elementor-section-boxed elementor-section-height-default elementor-section-height-default\" data-id=\"a994c7d\" data-element_type=\"section\">\n\t\t\t\t\t\t<div class=\"elementor-container elementor-column-gap-default\">\n\t\t\t\t\t<div class=\"elementor-column elementor-col-50 elementor-top-column elementor-element elementor-element-afb7281\" data-id=\"afb7281\" data-element_type=\"column\">\n\t\t\t<div class=\"elementor-widget-wrap elementor-element-populated\">\n\t\t\t\t\t\t<div class=\"elementor-element elementor-element-2bb16e1 elementor-widget elementor-widget-image\" data-id=\"2bb16e1\" data-element_type=\"widget\" data-widget_type=\"image.default\">\n\t\t\t\t<div class=\"elementor-widget-container\">\n\t\t\t\t\t\t\t\t\t\t\t\t\t\t\t<img fetchpriority=\"high\" decoding=\"async\" width=\"600\" height=\"350\" src=\"https:\/\/raizmirim.org\/wp-content\/uploads\/2022\/12\/WhatsApp-Image-2022-12-07-at-12.28.33.jpeg\" class=\"attachment-large size-large wp-image-1794\" alt=\"\" srcset=\"https:\/\/raizmirim.org\/wp-content\/uploads\/2022\/12\/WhatsApp-Image-2022-12-07-at-12.28.33.jpeg 600w, https:\/\/raizmirim.org\/wp-content\/uploads\/2022\/12\/WhatsApp-Image-2022-12-07-at-12.28.33-300x175.jpeg 300w\" sizes=\"(max-width: 600px) 100vw, 600px\" \/>\t\t\t\t\t\t\t\t\t\t\t\t\t\t\t<\/div>\n\t\t\t\t<\/div>\n\t\t\t\t\t<\/div>\n\t\t<\/div>\n\t\t\t\t<div class=\"elementor-column elementor-col-50 elementor-top-column elementor-element elementor-element-a225484\" data-id=\"a225484\" data-element_type=\"column\">\n\t\t\t<div class=\"elementor-widget-wrap\">\n\t\t\t\t\t\t\t<\/div>\n\t\t<\/div>\n\t\t\t\t\t<\/div>\n\t\t<\/section>\n\t\t\t\t<\/div>\n\t\t","protected":false},"excerpt":{"rendered":"<p>Preparation au ENCCEJA \u2019ENCCEJA (Examen Nacional pour la Certification des Comp\u00e9tences des Jeunes et Adultes) est un examen national br\u00e9silien qui permet aux personnes n\u2019ayant pas eu l\u2019occasion de terminer leur cursus scolaire de valider leur cursus par l\u2019obtention d\u2019un certificat de fin d\u2019\u00e9tudes \u00ab\u00a0fundamental\u00a0\u00bb ou \u00ab\u00a0m\u00e9dio\u00a0\u00bb. Cet examen est destin\u00e9 aux personnes de plus [&hellip;]<\/p>\n","protected":false},"author":1,"featured_media":0,"parent":0,"menu_order":0,"comment_status":"closed","ping_status":"closed","template":"","meta":{"site-sidebar-layout":"no-sidebar","site-content-layout":"page-builder","ast-site-content-layout":"default","site-content-style":"default","site-sidebar-style":"default","ast-global-header-display":"","ast-banner-title-visibility":"","ast-main-header-display":"","ast-hfb-above-header-display":"","ast-hfb-below-header-display":"","ast-hfb-mobile-header-display":"","site-post-title":"disabled","ast-breadcrumbs-content":"","ast-featured-img":"disabled","footer-sml-layout":"","theme-transparent-header-meta":"","adv-header-id-meta":"","stick-header-meta":"","header-above-stick-meta":"","header-main-stick-meta":"","header-below-stick-meta":"","astra-migrate-meta-layouts":"default","ast-page-background-enabled":"default","ast-page-background-meta":{"desktop":{"background-color":"var(--ast-global-color-4)","background-image":"","background-repeat":"repeat","background-position":"center center","background-size":"auto","background-attachment":"scroll","background-type":"","background-media":"","overlay-type":"","overlay-color":"","overlay-opacity":"","overlay-gradient":""},"tablet":{"background-color":"","background-image":"","background-repeat":"repeat","background-position":"center center","background-size":"auto","background-attachment":"scroll","background-type":"","background-media":"","overlay-type":"","overlay-color":"","overlay-opacity":"","overlay-gradient":""},"mobile":{"background-color":"","background-image":"","background-repeat":"repeat","background-position":"center center","background-size":"auto","background-attachment":"scroll","background-type":"","background-media":"","overlay-type":"","overlay-color":"","overlay-opacity":"","overlay-gradient":""}},"ast-content-background-meta":{"desktop":{"background-color":"var(--ast-global-color-5)","background-image":"","background-repeat":"repeat","background-position":"center center","background-size":"auto","background-attachment":"scroll","background-type":"","background-media":"","overlay-type":"","overlay-color":"","overlay-opacity":"","overlay-gradient":""},"tablet":{"background-color":"var(--ast-global-color-5)","background-image":"","background-repeat":"repeat","background-position":"center center","background-size":"auto","background-attachment":"scroll","background-type":"","background-media":"","overlay-type":"","overlay-color":"","overlay-opacity":"","overlay-gradient":""},"mobile":{"background-color":"var(--ast-global-color-5)","background-image":"","background-repeat":"repeat","background-position":"center center","background-size":"auto","background-attachment":"scroll","background-type":"","background-media":"","overlay-type":"","overlay-color":"","overlay-opacity":"","overlay-gradient":""}},"footnotes":""},"class_list":["post-1521","page","type-page","status-publish","hentry"],"_links":{"self":[{"href":"https:\/\/raizmirim.org\/index.php?rest_route=\/wp\/v2\/pages\/1521","targetHints":{"allow":["GET"]}}],"collection":[{"href":"https:\/\/raizmirim.org\/index.php?rest_route=\/wp\/v2\/pages"}],"about":[{"href":"https:\/\/raizmirim.org\/index.php?rest_route=\/wp\/v2\/types\/page"}],"author":[{"embeddable":true,"href":"https:\/\/raizmirim.org\/index.php?rest_route=\/wp\/v2\/users\/1"}],"replies":[{"embeddable":true,"href":"https:\/\/raizmirim.org\/index.php?rest_route=%2Fwp%2Fv2%2Fcomments&post=1521"}],"version-history":[{"count":28,"href":"https:\/\/raizmirim.org\/index.php?rest_route=\/wp\/v2\/pages\/1521\/revisions"}],"predecessor-version":[{"id":1800,"href":"https:\/\/raizmirim.org\/index.php?rest_route=\/wp\/v2\/pages\/1521\/revisions\/1800"}],"wp:attachment":[{"href":"https:\/\/raizmirim.org\/index.php?rest_route=%2Fwp%2Fv2%2Fmedia&parent=1521"}],"curies":[{"name":"wp","href":"https:\/\/api.w.org\/{rel}","templated":true}]}}