{"id":1522,"date":"2022-11-27T13:10:43","date_gmt":"2022-11-27T12:10:43","guid":{"rendered":"https:\/\/www.raizmirim.org\/?page_id=1522"},"modified":"2022-12-05T11:40:13","modified_gmt":"2022-12-05T10:40:13","slug":"cours-de-francais-fle","status":"publish","type":"page","link":"https:\/\/raizmirim.org\/?page_id=1522","title":{"rendered":"cours de fran\u00e7ais (FLE)"},"content":{"rendered":"\t\t<div data-elementor-type=\"wp-page\" data-elementor-id=\"1522\" class=\"elementor elementor-1522\">\n\t\t\t\t\t\t<section class=\"elementor-section elementor-top-section elementor-element elementor-element-f3822c7 elementor-section-boxed elementor-section-height-default elementor-section-height-default\" data-id=\"f3822c7\" data-element_type=\"section\">\n\t\t\t\t\t\t<div class=\"elementor-container elementor-column-gap-default\">\n\t\t\t\t\t<div class=\"elementor-column elementor-col-100 elementor-top-column elementor-element elementor-element-d31c5b4\" data-id=\"d31c5b4\" data-element_type=\"column\">\n\t\t\t<div class=\"elementor-widget-wrap elementor-element-populated\">\n\t\t\t\t\t\t<div class=\"elementor-element elementor-element-7310bba elementor-widget elementor-widget-heading\" data-id=\"7310bba\" data-element_type=\"widget\" data-widget_type=\"heading.default\">\n\t\t\t\t<div class=\"elementor-widget-container\">\n\t\t\t\t\t<h1 class=\"elementor-heading-title elementor-size-default\">Cours de fran\u00e7ais (FLE)<\/h1>\t\t\t\t<\/div>\n\t\t\t\t<\/div>\n\t\t\t\t\t<\/div>\n\t\t<\/div>\n\t\t\t\t\t<\/div>\n\t\t<\/section>\n\t\t\t\t<section class=\"elementor-section elementor-top-section elementor-element elementor-element-b8d01c6 elementor-section-boxed elementor-section-height-default elementor-section-height-default\" data-id=\"b8d01c6\" data-element_type=\"section\">\n\t\t\t\t\t\t<div class=\"elementor-container elementor-column-gap-default\">\n\t\t\t\t\t<div class=\"elementor-column elementor-col-50 elementor-top-column elementor-element elementor-element-f9a3cf0\" data-id=\"f9a3cf0\" data-element_type=\"column\">\n\t\t\t<div class=\"elementor-widget-wrap elementor-element-populated\">\n\t\t\t\t\t\t<div class=\"elementor-element elementor-element-b4b6f1d elementor-widget elementor-widget-image\" data-id=\"b4b6f1d\" data-element_type=\"widget\" data-widget_type=\"image.default\">\n\t\t\t\t<div class=\"elementor-widget-container\">\n\t\t\t\t\t\t\t\t\t\t\t\t\t\t\t<img fetchpriority=\"high\" decoding=\"async\" width=\"930\" height=\"610\" src=\"https:\/\/raizmirim.org\/wp-content\/uploads\/2022\/11\/cursos_de_frances.png\" class=\"attachment-large size-large wp-image-1671\" alt=\"\" srcset=\"https:\/\/raizmirim.org\/wp-content\/uploads\/2022\/11\/cursos_de_frances.png 930w, https:\/\/raizmirim.org\/wp-content\/uploads\/2022\/11\/cursos_de_frances-300x197.png 300w, https:\/\/raizmirim.org\/wp-content\/uploads\/2022\/11\/cursos_de_frances-768x504.png 768w\" sizes=\"(max-width: 930px) 100vw, 930px\" \/>\t\t\t\t\t\t\t\t\t\t\t\t\t\t\t<\/div>\n\t\t\t\t<\/div>\n\t\t\t\t\t<\/div>\n\t\t<\/div>\n\t\t\t\t<div class=\"elementor-column elementor-col-50 elementor-top-column elementor-element elementor-element-03837cc\" data-id=\"03837cc\" data-element_type=\"column\">\n\t\t\t<div class=\"elementor-widget-wrap elementor-element-populated\">\n\t\t\t\t\t\t<div class=\"elementor-element elementor-element-0c1f23d elementor-widget elementor-widget-text-editor\" data-id=\"0c1f23d\" data-element_type=\"widget\" data-widget_type=\"text-editor.default\">\n\t\t\t\t<div class=\"elementor-widget-container\">\n\t\t\t\t\t\t\t\t\t<p><span class=\"HwtZe\" lang=\"fr\"><span class=\"jCAhz ChMk0b\"><span class=\"ryNqvb\">Vous souhaitez communiquer plus facilement en fran\u00e7ais ?<\/span><\/span><\/span><\/p><p><span class=\"jCAhz ChMk0b\"><span class=\"ryNqvb\">Notre cours de fran\u00e7ais peut vous aider \u00e0 apprendre les bases ou \u00e0 vous perfectionner, mais aussi \u00e0 avoir confiance en votre capacit\u00e9 \u00e0 vous exprimer dans cette langue.<\/span><\/span><br \/><span class=\"jCAhz ChMk0b\"><span class=\"ryNqvb\"><br \/>En pratique<\/span><\/span> <span class=\"jCAhz ChMk0b\"><span class=\"ryNqvb\">Les cours ont lieu une fois par semaine de 19h30 \u00e0 21h30 &#8211; un module dure environ 3mois, selon la p\u00e9riode de l&rsquo;ann\u00e9e.<br \/>(hors jours f\u00e9ri\u00e9s et vacances scolaires)<br \/><br \/><\/span><\/span><\/p><p><span class=\"jCAhz ChMk0b\"><span class=\"ryNqvb\">Pour plus d&rsquo;informations sur le cours de fran\u00e7ais, contactez :<br \/><br \/><\/span><\/span> <span class=\"jCAhz ChMk0b\"><span class=\"ryNqvb\">0492 87 26 57<\/span><\/span> <span class=\"jCAhz ChMk0b\"><span class=\"ryNqvb\"><br \/>info@raizmirim.org<br \/>ou via le <a href=\"https:\/\/www.raizmirim.org\/?page_id=1420\">formulaire<\/a><br \/><br \/><\/span><\/span><\/p>\t\t\t\t\t\t\t\t<\/div>\n\t\t\t\t<\/div>\n\t\t\t\t\t<\/div>\n\t\t<\/div>\n\t\t\t\t\t<\/div>\n\t\t<\/section>\n\t\t\t\t<section class=\"elementor-section elementor-top-section elementor-element elementor-element-438ecc1 elementor-section-boxed elementor-section-height-default elementor-section-height-default\" data-id=\"438ecc1\" data-element_type=\"section\">\n\t\t\t\t\t\t<div class=\"elementor-container elementor-column-gap-default\">\n\t\t\t\t\t<div class=\"elementor-column elementor-col-100 elementor-top-column elementor-element elementor-element-2f66e5f\" data-id=\"2f66e5f\" data-element_type=\"column\">\n\t\t\t<div class=\"elementor-widget-wrap elementor-element-populated\">\n\t\t\t\t\t\t<div class=\"elementor-element elementor-element-99b9faf elementor-widget elementor-widget-spacer\" data-id=\"99b9faf\" data-element_type=\"widget\" data-widget_type=\"spacer.default\">\n\t\t\t\t<div class=\"elementor-widget-container\">\n\t\t\t\t\t\t\t<div class=\"elementor-spacer\">\n\t\t\t<div class=\"elementor-spacer-inner\"><\/div>\n\t\t<\/div>\n\t\t\t\t\t\t<\/div>\n\t\t\t\t<\/div>\n\t\t\t\t\t<\/div>\n\t\t<\/div>\n\t\t\t\t\t<\/div>\n\t\t<\/section>\n\t\t\t\t<\/div>\n\t\t","protected":false},"excerpt":{"rendered":"<p>Cours de fran\u00e7ais (FLE) Vous souhaitez communiquer plus facilement en fran\u00e7ais ? Notre cours de fran\u00e7ais peut vous aider \u00e0 apprendre les bases ou \u00e0 vous perfectionner, mais aussi \u00e0 avoir confiance en votre capacit\u00e9 \u00e0 vous exprimer dans cette langue. En pratique Les cours ont lieu une fois par semaine de 19h30 \u00e0 21h30 [&hellip;]<\/p>\n","protected":false},"author":1,"featured_media":0,"parent":0,"menu_order":0,"comment_status":"closed","ping_status":"closed","template":"","meta":{"site-sidebar-layout":"no-sidebar","site-content-layout":"page-builder","ast-site-content-layout":"default","site-content-style":"default","site-sidebar-style":"default","ast-global-header-display":"","ast-banner-title-visibility":"","ast-main-header-display":"","ast-hfb-above-header-display":"","ast-hfb-below-header-display":"","ast-hfb-mobile-header-display":"","site-post-title":"disabled","ast-breadcrumbs-content":"","ast-featured-img":"disabled","footer-sml-layout":"","theme-transparent-header-meta":"","adv-header-id-meta":"","stick-header-meta":"","header-above-stick-meta":"","header-main-stick-meta":"","header-below-stick-meta":"","astra-migrate-meta-layouts":"default","ast-page-background-enabled":"default","ast-page-background-meta":{"desktop":{"background-color":"var(--ast-global-color-4)","background-image":"","background-repeat":"repeat","background-position":"center center","background-size":"auto","background-attachment":"scroll","background-type":"","background-media":"","overlay-type":"","overlay-color":"","overlay-opacity":"","overlay-gradient":""},"tablet":{"background-color":"","background-image":"","background-repeat":"repeat","background-position":"center center","background-size":"auto","background-attachment":"scroll","background-type":"","background-media":"","overlay-type":"","overlay-color":"","overlay-opacity":"","overlay-gradient":""},"mobile":{"background-color":"","background-image":"","background-repeat":"repeat","background-position":"center center","background-size":"auto","background-attachment":"scroll","background-type":"","background-media":"","overlay-type":"","overlay-color":"","overlay-opacity":"","overlay-gradient":""}},"ast-content-background-meta":{"desktop":{"background-color":"var(--ast-global-color-5)","background-image":"","background-repeat":"repeat","background-position":"center center","background-size":"auto","background-attachment":"scroll","background-type":"","background-media":"","overlay-type":"","overlay-color":"","overlay-opacity":"","overlay-gradient":""},"tablet":{"background-color":"var(--ast-global-color-5)","background-image":"","background-repeat":"repeat","background-position":"center center","background-size":"auto","background-attachment":"scroll","background-type":"","background-media":"","overlay-type":"","overlay-color":"","overlay-opacity":"","overlay-gradient":""},"mobile":{"background-color":"var(--ast-global-color-5)","background-image":"","background-repeat":"repeat","background-position":"center center","background-size":"auto","background-attachment":"scroll","background-type":"","background-media":"","overlay-type":"","overlay-color":"","overlay-opacity":"","overlay-gradient":""}},"footnotes":""},"class_list":["post-1522","page","type-page","status-publish","hentry"],"_links":{"self":[{"href":"https:\/\/raizmirim.org\/index.php?rest_route=\/wp\/v2\/pages\/1522","targetHints":{"allow":["GET"]}}],"collection":[{"href":"https:\/\/raizmirim.org\/index.php?rest_route=\/wp\/v2\/pages"}],"about":[{"href":"https:\/\/raizmirim.org\/index.php?rest_route=\/wp\/v2\/types\/page"}],"author":[{"embeddable":true,"href":"https:\/\/raizmirim.org\/index.php?rest_route=\/wp\/v2\/users\/1"}],"replies":[{"embeddable":true,"href":"https:\/\/raizmirim.org\/index.php?rest_route=%2Fwp%2Fv2%2Fcomments&post=1522"}],"version-history":[{"count":19,"href":"https:\/\/raizmirim.org\/index.php?rest_route=\/wp\/v2\/pages\/1522\/revisions"}],"predecessor-version":[{"id":1751,"href":"https:\/\/raizmirim.org\/index.php?rest_route=\/wp\/v2\/pages\/1522\/revisions\/1751"}],"wp:attachment":[{"href":"https:\/\/raizmirim.org\/index.php?rest_route=%2Fwp%2Fv2%2Fmedia&parent=1522"}],"curies":[{"name":"wp","href":"https:\/\/api.w.org\/{rel}","templated":true}]}}